{"id":8,"date":"2019-07-02T08:46:23","date_gmt":"2019-07-02T06:46:23","guid":{"rendered":"http:\/\/toumire.com\/?page_id=8"},"modified":"2022-05-29T23:15:10","modified_gmt":"2022-05-29T21:15:10","slug":"accueil","status":"publish","type":"page","link":"https:\/\/toumire.com\/","title":{"rendered":"Accueil"},"content":{"rendered":"<p>Apr\u00e8s un travail qui m\u2019a plong\u00e9 dans un univers v\u00e9g\u00e9tal figuratif, la n\u00e9cessit\u00e9 de remettre en question l\u2019int\u00e9gralit\u00e9 d\u2019un processus cr\u00e9atif tant sur le fond que sur la forme s\u2019est impos\u00e9e. Membre du collectif de la Friche, j\u2019ai profit\u00e9 de rencontres qui m\u2019ont fait c\u00f4toyer le street art dans sa philosophie, ses outils et sa r\u00e9alisation. En marge des grapheurs, je me suis appropri\u00e9 certaines de leurs techniques pour les mettre au service de mon propre mode d\u2019expression.<span class=\"Apple-converted-space\">\u00a0 <\/span>D\u00e8s lors, j\u2019ai explor\u00e9 l\u2019utilisation de trames m\u00e9caniques, exploit\u00e9es comme pochoirs, m\u00ealant bombe et encre. Ainsi, je me suis lanc\u00e9 dans la recherche d\u2019une \u00e9criture plastique nouvelle, qui ouvre \u00e0 la fois un champ d\u2019expression artistique et graphique. J\u2019ai cr\u00e9\u00e9 de la confusion entre les fronti\u00e8res qui distinguent figuratif, abstraction, typographie, flou et nettet\u00e9.<span class=\"Apple-converted-space\">\u00a0<\/span><\/p>\n<p>Cette technique indompt\u00e9e m\u2019offre la libert\u00e9 d\u2019utiliser des trames sans en contr\u00f4ler totalement les effets et d\u2019en g\u00e9rer les accidents \u00e0 chaque instant. Leur superposition d\u00e9clenche des moirages cr\u00e9ant de nouveau motifs al\u00e9atoires. La perception est perturb\u00e9e, nous tourbillonnons dans un mirage de plans, une illusion de lumi\u00e8re.<\/p>\n<p>Ce travail, fruit d\u2019une ann\u00e9e de recherches, ouvre des champs cr\u00e9atifs immenses qui me m\u00e8nent sur des pistes d\u2019exp\u00e9rimentation vers un univers mouvant encore en pleine construction.<\/p>\n\n\n<hr class=\"wp-block-separator has-css-opacity\"\/>\n\n\n\n<p><\/p>\n","protected":false},"excerpt":{"rendered":"<p>Apr\u00e8s un travail qui m\u2019a plong\u00e9 dans un univers v\u00e9g\u00e9tal figuratif, la n\u00e9cessit\u00e9 de remettre en question l\u2019int\u00e9gralit\u00e9 d\u2019un processus cr\u00e9atif tant sur le fond que sur la forme s\u2019est impos\u00e9e. Membre du collectif de la Friche, j\u2019ai profit\u00e9 de rencontres qui m\u2019ont fait c\u00f4toyer le street art dans sa philosophie, ses outils et sa &hellip; <\/p>\n<p class=\"link-more\"><a href=\"https:\/\/toumire.com\/\" class=\"more-link\">Continuer la lecture<span class=\"screen-reader-text\"> de &laquo;&nbsp;Accueil&nbsp;&raquo;<\/span><\/a><\/p>\n","protected":false},"author":1,"featured_media":308,"parent":0,"menu_order":0,"comment_status":"closed","ping_status":"closed","template":"","meta":{"footnotes":""},"class_list":["post-8","page","type-page","status-publish","has-post-thumbnail","hentry"],"_links":{"self":[{"href":"https:\/\/toumire.com\/index.php\/wp-json\/wp\/v2\/pages\/8","targetHints":{"allow":["GET"]}}],"collection":[{"href":"https:\/\/toumire.com\/index.php\/wp-json\/wp\/v2\/pages"}],"about":[{"href":"https:\/\/toumire.com\/index.php\/wp-json\/wp\/v2\/types\/page"}],"author":[{"embeddable":true,"href":"https:\/\/toumire.com\/index.php\/wp-json\/wp\/v2\/users\/1"}],"replies":[{"embeddable":true,"href":"https:\/\/toumire.com\/index.php\/wp-json\/wp\/v2\/comments?post=8"}],"version-history":[{"count":7,"href":"https:\/\/toumire.com\/index.php\/wp-json\/wp\/v2\/pages\/8\/revisions"}],"predecessor-version":[{"id":341,"href":"https:\/\/toumire.com\/index.php\/wp-json\/wp\/v2\/pages\/8\/revisions\/341"}],"wp:featuredmedia":[{"embeddable":true,"href":"https:\/\/toumire.com\/index.php\/wp-json\/wp\/v2\/media\/308"}],"wp:attachment":[{"href":"https:\/\/toumire.com\/index.php\/wp-json\/wp\/v2\/media?parent=8"}],"curies":[{"name":"wp","href":"https:\/\/api.w.org\/{rel}","templated":true}]}}