{"id":2,"date":"2019-07-01T18:55:29","date_gmt":"2019-07-01T16:55:29","guid":{"rendered":"http:\/\/toumire.com\/?page_id=2"},"modified":"2019-08-30T18:42:16","modified_gmt":"2019-08-30T16:42:16","slug":"page-d-exemple","status":"publish","type":"page","link":"https:\/\/toumire.com\/index.php\/page-d-exemple\/","title":{"rendered":"S\u00e9rie dessins grandes Fleurs"},"content":{"rendered":"\n<p>S\u00e9rie de grands formats sur papier Canson \u00e0 l&rsquo;encre de Chine \u00e9mise en couleur \u00e0 la craie grasse.<\/p>\n\n\n\n<div class=\"wp-block-image\"><figure class=\"aligncenter\"><img loading=\"lazy\" decoding=\"async\" width=\"1600\" height=\"2400\" src=\"https:\/\/toumire.com\/wp-content\/uploads\/2019\/07\/portraitTOUMIRE-paint-2.jpg\" alt=\"\" class=\"wp-image-57\" srcset=\"https:\/\/toumire.com\/wp-content\/uploads\/2019\/07\/portraitTOUMIRE-paint-2.jpg 1600w, https:\/\/toumire.com\/wp-content\/uploads\/2019\/07\/portraitTOUMIRE-paint-2-200x300.jpg 200w, https:\/\/toumire.com\/wp-content\/uploads\/2019\/07\/portraitTOUMIRE-paint-2-768x1152.jpg 768w, https:\/\/toumire.com\/wp-content\/uploads\/2019\/07\/portraitTOUMIRE-paint-2-683x1024.jpg 683w\" sizes=\"auto, (max-width: 767px) 89vw, (max-width: 1000px) 54vw, (max-width: 1071px) 543px, 580px\" \/><figcaption><em>Bouquet &#8211; Grand dessin \u00e0 l&rsquo;encre et craies grasses 120&#215;170<\/em><\/figcaption><\/figure><\/div>\n\n\n\n<div class=\"wp-block-image\"><figure class=\"aligncenter\"><img loading=\"lazy\" decoding=\"async\" width=\"1600\" height=\"1600\" src=\"https:\/\/toumire.com\/wp-content\/uploads\/2019\/07\/iris-toumire.jpg\" alt=\"\" class=\"wp-image-56\" srcset=\"https:\/\/toumire.com\/wp-content\/uploads\/2019\/07\/iris-toumire.jpg 1600w, https:\/\/toumire.com\/wp-content\/uploads\/2019\/07\/iris-toumire-150x150.jpg 150w, https:\/\/toumire.com\/wp-content\/uploads\/2019\/07\/iris-toumire-300x300.jpg 300w, https:\/\/toumire.com\/wp-content\/uploads\/2019\/07\/iris-toumire-768x768.jpg 768w, https:\/\/toumire.com\/wp-content\/uploads\/2019\/07\/iris-toumire-1024x1024.jpg 1024w, https:\/\/toumire.com\/wp-content\/uploads\/2019\/07\/iris-toumire-100x100.jpg 100w\" sizes=\"auto, (max-width: 767px) 89vw, (max-width: 1000px) 54vw, (max-width: 1071px) 543px, 580px\" \/><figcaption><em>Iris bleus de Vincent &#8211; Grand dessin \u00e0 l&rsquo;encre et craies grasses 120&#215;120<\/em><\/figcaption><\/figure><\/div>\n\n\n\n<div class=\"wp-block-image\"><figure class=\"aligncenter\"><img loading=\"lazy\" decoding=\"async\" width=\"1600\" height=\"1600\" src=\"https:\/\/toumire.com\/wp-content\/uploads\/2019\/07\/altea_blancs-TOUMIRE-1.jpg\" alt=\"\" class=\"wp-image-75\" srcset=\"https:\/\/toumire.com\/wp-content\/uploads\/2019\/07\/altea_blancs-TOUMIRE-1.jpg 1600w, https:\/\/toumire.com\/wp-content\/uploads\/2019\/07\/altea_blancs-TOUMIRE-1-150x150.jpg 150w, https:\/\/toumire.com\/wp-content\/uploads\/2019\/07\/altea_blancs-TOUMIRE-1-300x300.jpg 300w, https:\/\/toumire.com\/wp-content\/uploads\/2019\/07\/altea_blancs-TOUMIRE-1-768x768.jpg 768w, https:\/\/toumire.com\/wp-content\/uploads\/2019\/07\/altea_blancs-TOUMIRE-1-1024x1024.jpg 1024w, https:\/\/toumire.com\/wp-content\/uploads\/2019\/07\/altea_blancs-TOUMIRE-1-100x100.jpg 100w\" sizes=\"auto, (max-width: 767px) 89vw, (max-width: 1000px) 54vw, (max-width: 1071px) 543px, 580px\" \/><figcaption><em>Alth\u00e9as blancs &#8211; Grand dessin \u00e0 l&rsquo;encre et craies grasses 120&#215;120<\/em><\/figcaption><\/figure><\/div>\n\n\n\n<div class=\"wp-block-image\"><figure class=\"aligncenter\"><img loading=\"lazy\" decoding=\"async\" width=\"1600\" height=\"1600\" src=\"https:\/\/toumire.com\/wp-content\/uploads\/2019\/07\/fleurs_roses-TOUMIRE-1.jpg\" alt=\"\" class=\"wp-image-55\" srcset=\"https:\/\/toumire.com\/wp-content\/uploads\/2019\/07\/fleurs_roses-TOUMIRE-1.jpg 1600w, https:\/\/toumire.com\/wp-content\/uploads\/2019\/07\/fleurs_roses-TOUMIRE-1-150x150.jpg 150w, https:\/\/toumire.com\/wp-content\/uploads\/2019\/07\/fleurs_roses-TOUMIRE-1-300x300.jpg 300w, https:\/\/toumire.com\/wp-content\/uploads\/2019\/07\/fleurs_roses-TOUMIRE-1-768x768.jpg 768w, https:\/\/toumire.com\/wp-content\/uploads\/2019\/07\/fleurs_roses-TOUMIRE-1-1024x1024.jpg 1024w, https:\/\/toumire.com\/wp-content\/uploads\/2019\/07\/fleurs_roses-TOUMIRE-1-100x100.jpg 100w\" sizes=\"auto, (max-width: 767px) 89vw, (max-width: 1000px) 54vw, (max-width: 1071px) 543px, 580px\" \/><figcaption><em>Magnolias &#8211; Grand dessin \u00e0 l&rsquo;encre et craies grasses 120&#215;120<\/em><\/figcaption><\/figure><\/div>\n\n\n\n<div class=\"wp-block-image\"><figure class=\"aligncenter\"><img loading=\"lazy\" decoding=\"async\" width=\"678\" height=\"1024\" src=\"https:\/\/toumire.com\/wp-content\/uploads\/2019\/07\/dessin_pivoines_A-678x1024.jpg\" alt=\"\" class=\"wp-image-68\" srcset=\"https:\/\/toumire.com\/wp-content\/uploads\/2019\/07\/dessin_pivoines_A-678x1024.jpg 678w, https:\/\/toumire.com\/wp-content\/uploads\/2019\/07\/dessin_pivoines_A-199x300.jpg 199w, https:\/\/toumire.com\/wp-content\/uploads\/2019\/07\/dessin_pivoines_A-768x1160.jpg 768w, https:\/\/toumire.com\/wp-content\/uploads\/2019\/07\/dessin_pivoines_A.jpg 1600w\" sizes=\"auto, (max-width: 678px) 100vw, 678px\" \/><\/figure><\/div>\n\n\n\n<div class=\"wp-block-image\"><figure class=\"aligncenter\"><img loading=\"lazy\" decoding=\"async\" width=\"1600\" height=\"1600\" src=\"https:\/\/toumire.com\/wp-content\/uploads\/2019\/07\/iris_blanc_toumire.jpg\" alt=\"\" class=\"wp-image-105\" srcset=\"https:\/\/toumire.com\/wp-content\/uploads\/2019\/07\/iris_blanc_toumire.jpg 1600w, https:\/\/toumire.com\/wp-content\/uploads\/2019\/07\/iris_blanc_toumire-150x150.jpg 150w, https:\/\/toumire.com\/wp-content\/uploads\/2019\/07\/iris_blanc_toumire-300x300.jpg 300w, https:\/\/toumire.com\/wp-content\/uploads\/2019\/07\/iris_blanc_toumire-768x768.jpg 768w, https:\/\/toumire.com\/wp-content\/uploads\/2019\/07\/iris_blanc_toumire-1024x1024.jpg 1024w, https:\/\/toumire.com\/wp-content\/uploads\/2019\/07\/iris_blanc_toumire-100x100.jpg 100w\" sizes=\"auto, (max-width: 767px) 89vw, (max-width: 1000px) 54vw, (max-width: 1071px) 543px, 580px\" \/><figcaption>Iris blancs &#8211; <em>Grand dessin \u00e0 l&rsquo;encre et craies grasses 120&#215;120<\/em><\/figcaption><\/figure><\/div>\n\n\n\n<div class=\"wp-block-image\"><figure class=\"aligncenter\"><img loading=\"lazy\" decoding=\"async\" width=\"1024\" height=\"999\" src=\"https:\/\/toumire.com\/wp-content\/uploads\/2019\/07\/altea2-toumire_dessin-1024x999.jpg\" alt=\"Grand dessin d'alth\u00e9as bleus\" class=\"wp-image-29\" srcset=\"https:\/\/toumire.com\/wp-content\/uploads\/2019\/07\/altea2-toumire_dessin-1024x999.jpg 1024w, https:\/\/toumire.com\/wp-content\/uploads\/2019\/07\/altea2-toumire_dessin-300x293.jpg 300w, https:\/\/toumire.com\/wp-content\/uploads\/2019\/07\/altea2-toumire_dessin-768x749.jpg 768w\" sizes=\"auto, (max-width: 767px) 89vw, (max-width: 1000px) 54vw, (max-width: 1071px) 543px, 580px\" \/><figcaption>Alth\u00e9as bleus -Grand dessin \u00e0 l&rsquo;encre et craies grasses 120&#215;120<\/figcaption><\/figure><\/div>\n","protected":false},"excerpt":{"rendered":"<p>S\u00e9rie de grands formats sur papier Canson \u00e0 l&rsquo;encre de Chine \u00e9mise en couleur \u00e0 la craie grasse.<\/p>\n","protected":false},"author":1,"featured_media":75,"parent":0,"menu_order":0,"comment_status":"closed","ping_status":"open","template":"","meta":{"footnotes":""},"class_list":["post-2","page","type-page","status-publish","has-post-thumbnail","hentry"],"_links":{"self":[{"href":"https:\/\/toumire.com\/index.php\/wp-json\/wp\/v2\/pages\/2","targetHints":{"allow":["GET"]}}],"collection":[{"href":"https:\/\/toumire.com\/index.php\/wp-json\/wp\/v2\/pages"}],"about":[{"href":"https:\/\/toumire.com\/index.php\/wp-json\/wp\/v2\/types\/page"}],"author":[{"embeddable":true,"href":"https:\/\/toumire.com\/index.php\/wp-json\/wp\/v2\/users\/1"}],"replies":[{"embeddable":true,"href":"https:\/\/toumire.com\/index.php\/wp-json\/wp\/v2\/comments?post=2"}],"version-history":[{"count":19,"href":"https:\/\/toumire.com\/index.php\/wp-json\/wp\/v2\/pages\/2\/revisions"}],"predecessor-version":[{"id":154,"href":"https:\/\/toumire.com\/index.php\/wp-json\/wp\/v2\/pages\/2\/revisions\/154"}],"wp:featuredmedia":[{"embeddable":true,"href":"https:\/\/toumire.com\/index.php\/wp-json\/wp\/v2\/media\/75"}],"wp:attachment":[{"href":"https:\/\/toumire.com\/index.php\/wp-json\/wp\/v2\/media?parent=2"}],"curies":[{"name":"wp","href":"https:\/\/api.w.org\/{rel}","templated":true}]}}